{"id":13092,"date":"2022-06-14T07:10:44","date_gmt":"2022-06-14T05:10:44","guid":{"rendered":"https:\/\/neuwied.dakd.de\/?page_id=13092"},"modified":"2024-09-17T14:50:34","modified_gmt":"2024-09-17T12:50:34","slug":"gemeindevorstand","status":"publish","type":"page","link":"https:\/\/neuwied.dakd.de\/am\/gemeindevorstand\/","title":{"rendered":"\u0570\u0561\u0574\u0561\u0575\u0576\u0584\u056b \u057e\u0561\u0580\u0579\u0578\u0582\u0569\u0575\u0578\u0582\u0576"},"content":{"rendered":"<div class=\"fusion-fullwidth fullwidth-box fusion-builder-row-1 fusion-flex-container nonhundred-percent-fullwidth non-hundred-percent-height-scrolling\" style=\"--awb-border-radius-top-left:0px;--awb-border-radius-top-right:0px;--awb-border-radius-bottom-right:0px;--awb-border-radius-bottom-left:0px;--awb-flex-wrap:wrap;\" ><div class=\"fusion-builder-row fusion-row fusion-flex-align-items-flex-start fusion-flex-content-wrap\" style=\"max-width:1248px;margin-left: calc(-4% \/ 2 );margin-right: calc(-4% \/ 2 );\"><div class=\"fusion-layout-column fusion_builder_column fusion-builder-column-0 fusion_builder_column_2_3 2_3 fusion-flex-column\" style=\"--awb-bg-size:cover;--awb-width-large:66.666666666667%;--awb-margin-top-large:0px;--awb-spacing-right-large:2.88%;--awb-margin-bottom-large:20px;--awb-spacing-left-large:2.88%;--awb-width-medium:100%;--awb-order-medium:0;--awb-spacing-right-medium:1.92%;--awb-spacing-left-medium:1.92%;--awb-width-small:100%;--awb-order-small:0;--awb-spacing-right-small:1.92%;--awb-spacing-left-small:1.92%;\"><div class=\"fusion-column-wrapper fusion-column-has-shadow fusion-flex-justify-content-flex-start fusion-content-layout-column\"><div class=\"fusion-title title fusion-title-1 fusion-sep-none fusion-title-text fusion-title-size-one\"><h1 class=\"fusion-title-heading title-heading-left\" style=\"margin:0;\"><p class=\"title-heading-left\">\u0570\u0561\u0574\u0561\u0575\u0576\u0584\u056b \u057e\u0561\u0580\u0579\u0578\u0582\u0569\u0575\u0578\u0582\u0576<\/p><\/h1><\/div><div class=\"fusion-text fusion-text-1\" style=\"--awb-text-transform:none;\"><p>Dem Leitungsgremium der Armenischen Gemeinde Neuwied e.V. geh\u00f6ren sieben gew\u00e4hlte Vorstandsmitglieder an, dazu kommt der Gemeindepfarrer. Der Vorsitzende, der stellvertretende Vorsitzende, der Kassenwart und der Gemeindepfarrer bilden den Gemeindevorstand im Sinne des Gesetzes (\u00a7 26 BGB).<\/p>\n<p>\u0554\u0561\u0572\u0561\u0584\u0561\u057a\u0565\u057f\u0561\u0580\u0561\u0576\u056b \u0562\u0575\u0578\u0582\u057b\u0565\u0576 \u0578\u0580\u0578\u0577\u0578\u0582\u0574 \u0567 \u057f\u0576\u0585\u0580\u0565\u0576\u0576\u0565\u0580\u056b \u056d\u0578\u0580\u0570\u0578\u0582\u0580\u0564\u0568: \u0532\u0561\u0581\u056b \u0561\u0575\u0564, \u0584\u0576\u0576\u0561\u0580\u056f\u057e\u0578\u0582\u0574 \u0565\u0576 \u0570\u0561\u0574\u0561\u0575\u0576\u0584\u0561\u0575\u056b\u0576 \u056f\u0575\u0561\u0576\u0584\u056b \u0562\u0578\u056c\u0578\u0580 \u056f\u0561\u0580\u0587\u0578\u0580 \u0569\u0565\u0574\u0561\u0576\u0565\u0580\u0568 \u0587 \u056d\u0578\u0580\u0570\u0578\u0582\u0580\u0564\u0576\u0565\u0580 \u0565\u0576 \u057f\u0580\u057e\u0578\u0582\u0574 \u0574\u056b\u057b\u0578\u0581\u0561\u057c\u0578\u0582\u0574\u0576\u0565\u0580\u056b \u056b\u0580\u0561\u056f\u0561\u0576\u0561\u0581\u0574\u0561\u0576 \u057e\u0565\u0580\u0561\u0562\u0565\u0580\u0575\u0561\u056c\u0589<\/p>\n<p>Der Gemeindevorstand wird jeweils f\u00fcr drei Jahre gew\u00e4hlt und kann anschlie\u00dfend wiedergew\u00e4hlt werden. Die letzten Gemeindewahlen fanden 2024 statt.<\/p>\n<p>\u054e\u0565\u0580\u057b\u056b\u0576\u0568 \u0565\u0572\u0565\u056c \u0567 \u056e\u056d\u0561\u056f\u0561\u0576 \u057e\u0561\u0580\u0579\u0578\u0582\u0569\u0575\u0578\u0582\u0576\u0568, \u056b\u0576\u0579\u057a\u0565\u057d \u0576\u0561\u0587 \u0569\u0565\u0574\u0561\u056f\u0561\u0576 \u057a\u0561\u057f\u057e\u056b\u0580\u0561\u056f\u0576\u0565\u0580\u0568 <span class=\"nolink\">am 18.02.2024<\/span>\u00a0\u0568\u0576\u057f\u0580\u057e\u0561\u056e.<br \/>\nDen Gemeindevorstand bilden:<\/p>\n<ul>\n<li><strong>Ehrenvorsitzender \u2013 Pfr. Yeghishe AVETISYAN<\/strong><\/li>\n<li><strong>\u0531\u057f\u0565\u0576\u0561\u057a\u0565\u057f\u055d \u0532\u056b\u0580\u0563\u0578\u0582\u056c \u0549\u0531\u0554\u0544\u0531\u053f<\/strong><\/li>\n<li><strong>\u057a\u0561\u057f\u0563\u0561\u0574\u0561\u057e\u0578\u0580 \u0546\u0561\u056d\u0561\u0563\u0561\u0570\u0578\u0572\u055d \u0534\u0561\u0575\u0561\u0569 \u0543\u0531\u0550\u0548\u0545\u0531\u0546<\/strong><\/li>\n<li><strong>\u0533\u0561\u0576\u0571\u0561\u057a\u0561\u0570 \u2013 \u0539\u0561\u056c\u056b\u0576\u056b \u0554\u0545\u0548\u0550\u0554<\/strong><\/li>\n<li><strong>\u057a\u0561\u057f\u0563\u0561\u0574\u0561\u057e\u0578\u0580 \u0533\u0561\u0576\u0571\u0561\u057a\u0561\u0570 \u2013 \u0536\u0561\u0580\u0574\u056b\u0565\u0576 \u0554\u0535\u053c\u0531\u054d\u0535\u0550\u0535\u0531\u0546<\/strong><\/li>\n<li><strong>\u0554\u0561\u0580\u057f\u0578\u0582\u0572\u0561\u0580 \u2013 \u0531\u0569\u056b\u056c\u056c\u0561 CAKMAK<\/strong><\/li>\n<li><strong>\u057a\u0561\u057f\u0563\u0561\u0574\u0561\u057e\u0578\u0580 \u0554\u0561\u0580\u057f\u0578\u0582\u0572\u0561\u0580-\u0531\u0580\u0574\u0565\u0576 \u054d\u0531\u0556\u0531\u0550\u0545\u0531\u0546<\/strong><\/li>\n<li><strong>\u0533\u0576\u0561\u0570\u0561\u057f\u0578\u0572 \u2013 \u053a\u0578\u0580\u056a \u0540\u054e\u0531\u053f\u053b\u0544\u0535\u0531\u0546<\/strong><\/li>\n<li><strong>\u0553\u0578\u056d\u0561\u0576\u0578\u0580\u0564 \u0561\u0576\u0564\u0561\u0574 \u2013 \u0544\u0561\u0580\u056b\u0561 \u0554\u0548\u053c\u0531\u054d\u0531\u0550\u0533\u0535\u0531\u0546<\/strong><\/li>\n<li><strong>\u0553\u0578\u056d\u0561\u0576\u0578\u0580\u0564 \u0561\u0576\u0564\u0561\u0574 \u2013 \u0531\u0566\u0576\u056b\u0586 \u0554\u0548\u0552\u0544\u0553\u0531\u0546\u0531\u0543\u0535\u0531\u0546<\/strong><\/li>\n<\/ul>\n<p><img decoding=\"async\" class=\"alignnone wp-image-106006\" src=\"https:\/\/neuwied.dakd.de\/wp-content\/uploads\/2024\/09\/WhatsApp-Bild-2024-09-15-um-15.51.25_e4ef9d9f.jpg\" alt=\"\" width=\"479\" height=\"272\" srcset=\"https:\/\/neuwied.dakd.de\/wp-content\/uploads\/2024\/09\/WhatsApp-Bild-2024-09-15-um-15.51.25_e4ef9d9f-18x10.jpg 18w, https:\/\/neuwied.dakd.de\/wp-content\/uploads\/2024\/09\/WhatsApp-Bild-2024-09-15-um-15.51.25_e4ef9d9f-200x114.jpg 200w, https:\/\/neuwied.dakd.de\/wp-content\/uploads\/2024\/09\/WhatsApp-Bild-2024-09-15-um-15.51.25_e4ef9d9f-300x171.jpg 300w, https:\/\/neuwied.dakd.de\/wp-content\/uploads\/2024\/09\/WhatsApp-Bild-2024-09-15-um-15.51.25_e4ef9d9f-400x228.jpg 400w, https:\/\/neuwied.dakd.de\/wp-content\/uploads\/2024\/09\/WhatsApp-Bild-2024-09-15-um-15.51.25_e4ef9d9f-600x341.jpg 600w, https:\/\/neuwied.dakd.de\/wp-content\/uploads\/2024\/09\/WhatsApp-Bild-2024-09-15-um-15.51.25_e4ef9d9f-768x437.jpg 768w, https:\/\/neuwied.dakd.de\/wp-content\/uploads\/2024\/09\/WhatsApp-Bild-2024-09-15-um-15.51.25_e4ef9d9f-800x455.jpg 800w, https:\/\/neuwied.dakd.de\/wp-content\/uploads\/2024\/09\/WhatsApp-Bild-2024-09-15-um-15.51.25_e4ef9d9f-1024x582.jpg 1024w, https:\/\/neuwied.dakd.de\/wp-content\/uploads\/2024\/09\/WhatsApp-Bild-2024-09-15-um-15.51.25_e4ef9d9f-1200x683.jpg 1200w, https:\/\/neuwied.dakd.de\/wp-content\/uploads\/2024\/09\/WhatsApp-Bild-2024-09-15-um-15.51.25_e4ef9d9f-1536x874.jpg 1536w, https:\/\/neuwied.dakd.de\/wp-content\/uploads\/2024\/09\/WhatsApp-Bild-2024-09-15-um-15.51.25_e4ef9d9f.jpg 1600w\" sizes=\"(max-width: 479px) 100vw, 479px\" \/><\/p>\n<p>\u0539\u0565\u0574\u0561\u056f\u0561\u056c \u057a\u0561\u057f\u057e\u056b\u0580\u0561\u056f\u0576\u0565\u0580.<\/p>\n<ul>\n<li><strong>\u0536\u0565\u0576\u056b\u056f \u053f\u0531\u054f\u0531\u053f<\/strong><\/li>\n<li><strong>\u0531\u0580\u0574\u0561\u0576 \u0532\u0548\u0545\u0531\u0549\u053b<\/strong><\/li>\n<li><strong>\u0543\u0578\u0573\u0561\u0576\u056b\u056f \u0543\u0531\u0550\u0548\u0545\u0531\u0546<\/strong><\/li>\n<\/ul>\n<p><img decoding=\"async\" class=\"alignnone wp-image-14480\" src=\"https:\/\/neuwied.dakd.de\/wp-content\/uploads\/2022\/08\/20211031_173846.jpg\" alt=\"\" width=\"474\" height=\"355\" srcset=\"https:\/\/neuwied.dakd.de\/wp-content\/uploads\/2022\/08\/20211031_173846-16x12.jpg 16w, https:\/\/neuwied.dakd.de\/wp-content\/uploads\/2022\/08\/20211031_173846-200x150.jpg 200w, https:\/\/neuwied.dakd.de\/wp-content\/uploads\/2022\/08\/20211031_173846-300x225.jpg 300w, https:\/\/neuwied.dakd.de\/wp-content\/uploads\/2022\/08\/20211031_173846-400x300.jpg 400w, https:\/\/neuwied.dakd.de\/wp-content\/uploads\/2022\/08\/20211031_173846-600x450.jpg 600w, https:\/\/neuwied.dakd.de\/wp-content\/uploads\/2022\/08\/20211031_173846-768x576.jpg 768w, https:\/\/neuwied.dakd.de\/wp-content\/uploads\/2022\/08\/20211031_173846-800x600.jpg 800w, https:\/\/neuwied.dakd.de\/wp-content\/uploads\/2022\/08\/20211031_173846-1024x768.jpg 1024w, https:\/\/neuwied.dakd.de\/wp-content\/uploads\/2022\/08\/20211031_173846-1200x900.jpg 1200w, https:\/\/neuwied.dakd.de\/wp-content\/uploads\/2022\/08\/20211031_173846-1536x1152.jpg 1536w, https:\/\/neuwied.dakd.de\/wp-content\/uploads\/2022\/08\/20211031_173846.jpg 1920w\" sizes=\"(max-width: 474px) 100vw, 474px\" \/><\/p>\n<p>Die genannten Wahlen wurden <span class=\"nolink\">am 27.02.2024<\/span> vom Primas der Di\u00f6zese, S. E. Bischof Serovpe Isakhanyan, schriftlich best\u00e4tigt.<\/p>\n<\/div><\/div><\/div><div class=\"fusion-layout-column fusion_builder_column fusion-builder-column-1 fusion_builder_column_1_3 1_3 fusion-flex-column\" style=\"--awb-padding-top:20px;--awb-padding-right:20px;--awb-padding-bottom:20px;--awb-padding-left:20px;--awb-bg-color:var(--awb-color4);--awb-bg-color-hover:var(--awb-color4);--awb-bg-size:cover;--awb-width-large:33.333333333333%;--awb-margin-top-large:0px;--awb-spacing-right-large:5.76%;--awb-margin-bottom-large:20px;--awb-spacing-left-large:5.76%;--awb-width-medium:100%;--awb-order-medium:0;--awb-spacing-right-medium:1.92%;--awb-spacing-left-medium:1.92%;--awb-width-small:100%;--awb-order-small:0;--awb-spacing-right-small:1.92%;--awb-spacing-left-small:1.92%;\"><div class=\"fusion-column-wrapper fusion-column-has-shadow fusion-flex-justify-content-flex-start fusion-content-layout-column\"><div class=\"fusion-title title fusion-title-2 fusion-sep-none fusion-title-text fusion-title-size-three\"><h3 class=\"fusion-title-heading title-heading-left\" style=\"margin:0;\">\u0533\u0580\u0565\u0584 \u0574\u0565\u0566\u2026<\/h3><\/div><div class=\"fusion-text fusion-text-2\" style=\"--awb-text-transform:none;\"><p>\u0548\u0582\u0576\u0565\u055e\u0584 \u0570\u0561\u0580\u0581\u0565\u0580, \u0561\u057c\u0561\u057b\u0561\u0580\u056f\u0578\u0582\u0569\u0575\u0578\u0582\u0576\u0576\u0565\u0580, \u056d\u0576\u0564\u0580\u0561\u0576\u0584\u0576\u0565\u0580: \u0531\u057a\u0561 \u0563\u0580\u0565\u0584 \u0574\u0565\u0566!<\/p>\n<\/div>\n<div class=\"wpcf7 no-js\" id=\"wpcf7-f12855-o1\" lang=\"de-DE\" dir=\"ltr\" data-wpcf7-id=\"12855\">\n<div class=\"screen-reader-response\"><p role=\"status\" aria-live=\"polite\" aria-atomic=\"true\"><\/p> <ul><\/ul><\/div>\n<form action=\"\/am\/wp-json\/wp\/v2\/pages\/13092#wpcf7-f12855-o1\" method=\"post\" class=\"wpcf7-form init\" aria-label=\"Kontaktformular\" novalidate=\"novalidate\" data-status=\"init\" data-trp-original-action=\"\/am\/wp-json\/wp\/v2\/pages\/13092#wpcf7-f12855-o1\">\n<fieldset class=\"hidden-fields-container\"><input type=\"hidden\" name=\"_wpcf7\" value=\"12855\" \/><input type=\"hidden\" name=\"_wpcf7_version\" value=\"6.1.5\" \/><input type=\"hidden\" name=\"_wpcf7_locale\" value=\"de_DE\" \/><input type=\"hidden\" name=\"_wpcf7_unit_tag\" value=\"wpcf7-f12855-o1\" \/><input type=\"hidden\" name=\"_wpcf7_container_post\" value=\"0\" \/><input type=\"hidden\" name=\"_wpcf7_posted_data_hash\" value=\"\" \/><input type=\"hidden\" name=\"_wpcf7_recaptcha_response\" value=\"\" \/>\n<\/fieldset>\n<div class=\"fusion-alert alert custom alert-custom fusion-alert-center wpcf7-response-output awb-alert-native-link-color alert-dismissable awb-alert-close-boxed\" style=\"--awb-border-size:1px;--awb-border-top-left-radius:0px;--awb-border-top-right-radius:0px;--awb-border-bottom-left-radius:0px;--awb-border-bottom-right-radius:0px;\" role=\"alert\"><div class=\"fusion-alert-content-wrapper\"><span class=\"fusion-alert-content\"><\/span><\/div><button type=\"button\" class=\"close toggle-alert\" data-dismiss=\"alert\" aria-label=\"Close\">\u00d7<\/button><\/div>\n<p><label> \u0531\u0566\u0563\u0561\u0576\u0578\u0582\u0576\u0568:<br \/>\n<span class=\"wpcf7-form-control-wrap\" data-name=\"your-name\"><input size=\"40\" maxlength=\"400\" class=\"wpcf7-form-control wpcf7-text wpcf7-validates-as-required\" aria-required=\"true\" aria-invalid=\"false\" value=\"\" type=\"text\" name=\"your-name\" \/><\/span> <\/label>\n<\/p>\n<p><label> \u0537\u056c. \u0583\u0578\u057d\u057f:<br \/>\n<span class=\"wpcf7-form-control-wrap\" data-name=\"your-email\"><input size=\"40\" maxlength=\"400\" class=\"wpcf7-form-control wpcf7-email wpcf7-validates-as-required wpcf7-text wpcf7-validates-as-email\" aria-required=\"true\" aria-invalid=\"false\" value=\"\" type=\"email\" name=\"your-email\" \/><\/span> <\/label>\n<\/p>\n<p><label> Betreff:<br \/>\n<span class=\"wpcf7-form-control-wrap\" data-name=\"your-subject\"><input size=\"40\" maxlength=\"400\" class=\"wpcf7-form-control wpcf7-text wpcf7-validates-as-required\" aria-required=\"true\" aria-invalid=\"false\" value=\"\" type=\"text\" name=\"your-subject\" \/><\/span> <\/label>\n<\/p>\n<p><label> Ihre Nachricht:<br \/>\n<span class=\"wpcf7-form-control-wrap\" data-name=\"your-message\"><textarea cols=\"40\" rows=\"10\" maxlength=\"2000\" class=\"wpcf7-form-control wpcf7-textarea wpcf7-validates-as-required\" id=\"message-field\" aria-required=\"true\" aria-invalid=\"false\" name=\"your-message\"><\/textarea><\/span> <\/label>\n<\/p>\n<p><input class=\"wpcf7-form-control wpcf7-submit has-spinner\" type=\"submit\" value=\"\u0548\u0582\u0572\u0561\u0580\u056f\u0565\u056c\" \/>\n<\/p>\n<input type=\"hidden\" name=\"trp-form-language\" value=\"am\"\/><\/form>\n<\/div>\n<\/div><\/div><\/div><\/div>","protected":false},"excerpt":{"rendered":"","protected":false},"author":12,"featured_media":0,"parent":0,"menu_order":0,"comment_status":"closed","ping_status":"closed","template":"","meta":{"footnotes":""},"class_list":["post-13092","page","type-page","status-publish","hentry"],"_links":{"self":[{"href":"https:\/\/neuwied.dakd.de\/am\/wp-json\/wp\/v2\/pages\/13092","targetHints":{"allow":["GET"]}}],"collection":[{"href":"https:\/\/neuwied.dakd.de\/am\/wp-json\/wp\/v2\/pages"}],"about":[{"href":"https:\/\/neuwied.dakd.de\/am\/wp-json\/wp\/v2\/types\/page"}],"author":[{"embeddable":true,"href":"https:\/\/neuwied.dakd.de\/am\/wp-json\/wp\/v2\/users\/12"}],"replies":[{"embeddable":true,"href":"https:\/\/neuwied.dakd.de\/am\/wp-json\/wp\/v2\/comments?post=13092"}],"version-history":[{"count":0,"href":"https:\/\/neuwied.dakd.de\/am\/wp-json\/wp\/v2\/pages\/13092\/revisions"}],"wp:attachment":[{"href":"https:\/\/neuwied.dakd.de\/am\/wp-json\/wp\/v2\/media?parent=13092"}],"curies":[{"name":"wp","href":"https:\/\/api.w.org\/{rel}","templated":true}]}}